{"id":366,"date":"2025-06-03T21:34:43","date_gmt":"2025-06-03T19:34:43","guid":{"rendered":"https:\/\/ks27anim.fr\/?page_id=366"},"modified":"2025-06-03T22:21:32","modified_gmt":"2025-06-03T20:21:32","slug":"contact-page","status":"publish","type":"page","link":"https:\/\/ks27anim.fr\/?page_id=366","title":{"rendered":"contact test"},"content":{"rendered":"\t\t<div data-elementor-type=\"wp-page\" data-elementor-id=\"366\" class=\"elementor elementor-366\">\n\t\t\t\t<div class=\"elementor-element elementor-element-25585ac e-flex e-con-boxed e-con e-parent\" data-id=\"25585ac\" data-element_type=\"container\" data-settings=\"{&quot;background_background&quot;:&quot;classic&quot;}\">\n\t\t\t\t\t<div class=\"e-con-inner\">\n\t\t<div class=\"elementor-element elementor-element-eb7fc5f e-con-full e-flex e-con e-child\" data-id=\"eb7fc5f\" data-element_type=\"container\">\n\t\t\t\t<div class=\"elementor-element elementor-element-51c3e09 elementor-widget elementor-widget-heading\" data-id=\"51c3e09\" data-element_type=\"widget\" data-widget_type=\"heading.default\">\n\t\t\t\t<div class=\"elementor-widget-container\">\n\t\t\t\t\t<h2 class=\"elementor-heading-title elementor-size-default\">Contactez-moi <\/h2>\t\t\t\t<\/div>\n\t\t\t\t<\/div>\n\t\t\t\t<div class=\"elementor-element elementor-element-802833c elementor-widget elementor-widget-heading\" data-id=\"802833c\" data-element_type=\"widget\" data-widget_type=\"heading.default\">\n\t\t\t\t<div class=\"elementor-widget-container\">\n\t\t\t\t\t<h2 class=\"elementor-heading-title elementor-size-default\">Contactez-moi d\u00e8s maintenant pour organiser un atelier ou r\u00e9server une fresque !<\/h2>\t\t\t\t<\/div>\n\t\t\t\t<\/div>\n\t\t\t\t<\/div>\n\t\t<div class=\"elementor-element elementor-element-ffebd86 e-con-full e-flex e-con e-child\" data-id=\"ffebd86\" data-element_type=\"container\">\n\t\t\t\t<div class=\"elementor-element elementor-element-93f4701 elementor-widget elementor-widget-image\" data-id=\"93f4701\" data-element_type=\"widget\" data-widget_type=\"image.default\">\n\t\t\t\t<div class=\"elementor-widget-container\">\n\t\t\t\t\t\t\t\t\t\t\t\t\t\t\t<img fetchpriority=\"high\" decoding=\"async\" width=\"1024\" height=\"683\" src=\"https:\/\/ks27anim.fr\/wp-content\/uploads\/2025\/06\/f0ef5a49-1c18-4802-a0a7-0d5d0885ca7b-1024x683.jpeg\" class=\"attachment-large size-large wp-image-355\" alt=\"\" srcset=\"https:\/\/ks27anim.fr\/wp-content\/uploads\/2025\/06\/f0ef5a49-1c18-4802-a0a7-0d5d0885ca7b-1024x683.jpeg 1024w, https:\/\/ks27anim.fr\/wp-content\/uploads\/2025\/06\/f0ef5a49-1c18-4802-a0a7-0d5d0885ca7b-300x200.jpeg 300w, https:\/\/ks27anim.fr\/wp-content\/uploads\/2025\/06\/f0ef5a49-1c18-4802-a0a7-0d5d0885ca7b-768x512.jpeg 768w, https:\/\/ks27anim.fr\/wp-content\/uploads\/2025\/06\/f0ef5a49-1c18-4802-a0a7-0d5d0885ca7b.jpeg 1536w\" sizes=\"(max-width: 1024px) 100vw, 1024px\" \/>\t\t\t\t\t\t\t\t\t\t\t\t\t\t\t<\/div>\n\t\t\t\t<\/div>\n\t\t\t\t<\/div>\n\t\t\t\t\t<\/div>\n\t\t\t\t<\/div>\n\t\t\t\t<section class=\"elementor-section elementor-top-section elementor-element elementor-element-mkcpn54 elementor-section-content-middle elementor-reverse-tablet elementor-section-boxed elementor-section-height-default elementor-section-height-default\" data-id=\"mkcpn54\" data-element_type=\"section\" data-settings=\"{&quot;background_background&quot;:&quot;classic&quot;}\">\n\t\t\t\t\t\t\t<div class=\"elementor-background-overlay\"><\/div>\n\t\t\t\t\t\t\t<div class=\"elementor-container elementor-column-gap-default\">\n\t\t\t\t\t<div class=\"elementor-column elementor-col-25 elementor-top-column elementor-element elementor-element-e9f82fa\" data-id=\"e9f82fa\" data-element_type=\"column\">\n\t\t\t<div class=\"elementor-widget-wrap elementor-element-populated\">\n\t\t\t\t\t\t<div class=\"elementor-element elementor-element-f5d023b elementor-widget elementor-widget-heading\" data-id=\"f5d023b\" data-element_type=\"widget\" data-widget_type=\"heading.default\">\n\t\t\t\t<div class=\"elementor-widget-container\">\n\t\t\t\t\t<h2 class=\"elementor-heading-title elementor-size-default\">Contactez-moi !<\/h2>\t\t\t\t<\/div>\n\t\t\t\t<\/div>\n\t\t\t\t<div class=\"elementor-element elementor-element-8366d53 elementor-widget elementor-widget-heading\" data-id=\"8366d53\" data-element_type=\"widget\" data-widget_type=\"heading.default\">\n\t\t\t\t<div class=\"elementor-widget-container\">\n\t\t\t\t\t<h3 class=\"elementor-heading-title elementor-size-medium\">T\u00e9l\u00e9phone<\/h3>\t\t\t\t<\/div>\n\t\t\t\t<\/div>\n\t\t\t\t<div class=\"elementor-element elementor-element-c8579f7 elementor-widget elementor-widget-text-editor\" data-id=\"c8579f7\" data-element_type=\"widget\" data-widget_type=\"text-editor.default\">\n\t\t\t\t<div class=\"elementor-widget-container\">\n\t\t\t\t\t\t\t\t\t<p>+33 6 89 56 38 80<\/p>\t\t\t\t\t\t\t\t<\/div>\n\t\t\t\t<\/div>\n\t\t\t\t<div class=\"elementor-element elementor-element-b7b463f elementor-widget elementor-widget-heading\" data-id=\"b7b463f\" data-element_type=\"widget\" data-widget_type=\"heading.default\">\n\t\t\t\t<div class=\"elementor-widget-container\">\n\t\t\t\t\t<h3 class=\"elementor-heading-title elementor-size-medium\">Email<\/h3>\t\t\t\t<\/div>\n\t\t\t\t<\/div>\n\t\t\t\t<div class=\"elementor-element elementor-element-bcacc78 elementor-widget elementor-widget-text-editor\" data-id=\"bcacc78\" data-element_type=\"widget\" data-widget_type=\"text-editor.default\">\n\t\t\t\t<div class=\"elementor-widget-container\">\n\t\t\t\t\t\t\t\t\t<p>ks27anim@gmail.com<\/p>\t\t\t\t\t\t\t\t<\/div>\n\t\t\t\t<\/div>\n\t\t\t\t\t<\/div>\n\t\t<\/div>\n\t\t\t\t<div class=\"elementor-column elementor-col-25 elementor-top-column elementor-element elementor-element-e973bc4\" data-id=\"e973bc4\" data-element_type=\"column\">\n\t\t\t<div class=\"elementor-widget-wrap elementor-element-populated\">\n\t\t\t\t\t\t<div class=\"elementor-element elementor-element-6327b04 elementor-widget elementor-widget-google_maps\" data-id=\"6327b04\" data-element_type=\"widget\" data-widget_type=\"google_maps.default\">\n\t\t\t\t<div class=\"elementor-widget-container\">\n\t\t\t\t\t\t\t<div class=\"elementor-custom-embed\">\n\t\t\t<iframe loading=\"lazy\"\n\t\t\t\t\tsrc=\"https:\/\/maps.google.com\/maps?q=Val%20de%20reuil&#038;t=m&#038;z=10&#038;output=embed&#038;iwloc=near\"\n\t\t\t\t\ttitle=\"Val de reuil\"\n\t\t\t\t\taria-label=\"Val de reuil\"\n\t\t\t><\/iframe>\n\t\t<\/div>\n\t\t\t\t\t\t<\/div>\n\t\t\t\t<\/div>\n\t\t\t\t\t<\/div>\n\t\t<\/div>\n\t\t\t\t<div class=\"elementor-column elementor-col-25 elementor-top-column elementor-element elementor-element-98b2402\" data-id=\"98b2402\" data-element_type=\"column\" data-settings=\"{&quot;background_background&quot;:&quot;classic&quot;}\">\n\t\t\t<div class=\"elementor-widget-wrap elementor-element-populated\">\n\t\t\t\t\t\t<div class=\"elementor-element elementor-element-3791c59 elementor-widget elementor-widget-heading\" data-id=\"3791c59\" data-element_type=\"widget\" data-widget_type=\"heading.default\">\n\t\t\t\t<div class=\"elementor-widget-container\">\n\t\t\t\t\t<h2 class=\"elementor-heading-title elementor-size-medium\">Send a message<\/h2>\t\t\t\t<\/div>\n\t\t\t\t<\/div>\n\t\t\t\t<div class=\"elementor-element elementor-element-5f9423e elementor-widget elementor-widget-shortcode\" data-id=\"5f9423e\" data-element_type=\"widget\" data-widget_type=\"shortcode.default\">\n\t\t\t\t<div class=\"elementor-widget-container\">\n\t\t\t\t\t\t\t<div class=\"elementor-shortcode\"><div class=\"wpforms-container wpforms-container-full wpforms-render-modern\" id=\"wpforms-370\"><form id=\"wpforms-form-370\" class=\"wpforms-validate wpforms-form\" data-formid=\"370\" method=\"post\" enctype=\"multipart\/form-data\" action=\"\/index.php?rest_route=%2Fwp%2Fv2%2Fpages%2F366\" data-token=\"2b0ad2082f7347183e4f8812e78c4313\" data-token-time=\"1775730016\"><noscript class=\"wpforms-error-noscript\">Please enable JavaScript in your browser to complete this form.<\/noscript><div class=\"wpforms-hidden\" id=\"wpforms-error-noscript\">Please enable JavaScript in your browser to complete this form.<\/div><div class=\"wpforms-field-container\"><div id=\"wpforms-370-field_0-container\" class=\"wpforms-field wpforms-field-name\" data-field-id=\"0\"><label class=\"wpforms-field-label wpforms-label-hide\" for=\"wpforms-370-field_0\" aria-hidden=\"false\">Name <span class=\"wpforms-required-label\" aria-hidden=\"true\">*<\/span><\/label><input type=\"text\" id=\"wpforms-370-field_0\" class=\"wpforms-field-large wpforms-field-required\" name=\"wpforms[fields][0]\" placeholder=\"Name\" aria-errormessage=\"wpforms-370-field_0-error\" required><\/div><div id=\"wpforms-370-field_1-container\" class=\"wpforms-field wpforms-field-email\" data-field-id=\"1\"><label class=\"wpforms-field-label wpforms-label-hide\" for=\"wpforms-370-field_1\" aria-hidden=\"false\">Email <span class=\"wpforms-required-label\" aria-hidden=\"true\">*<\/span><\/label><input type=\"email\" id=\"wpforms-370-field_1\" class=\"wpforms-field-large wpforms-field-required\" name=\"wpforms[fields][1]\" placeholder=\"Email\" spellcheck=\"false\" aria-errormessage=\"wpforms-370-field_1-error\" required><\/div><div id=\"wpforms-370-field_3-container\" class=\"wpforms-field wpforms-field-text\" data-field-id=\"3\"><label class=\"wpforms-field-label wpforms-label-hide\" for=\"wpforms-370-field_3\" aria-hidden=\"false\">Subject <span class=\"wpforms-required-label\" aria-hidden=\"true\">*<\/span><\/label><input type=\"text\" id=\"wpforms-370-field_3\" class=\"wpforms-field-large wpforms-field-required\" name=\"wpforms[fields][3]\" placeholder=\"Subject\" aria-errormessage=\"wpforms-370-field_3-error\" required><\/div><div id=\"wpforms-370-field_2-container\" class=\"wpforms-field wpforms-field-textarea\" data-field-id=\"2\"><label class=\"wpforms-field-label wpforms-label-hide\" for=\"wpforms-370-field_2\" aria-hidden=\"false\">Comment or Message <span class=\"wpforms-required-label\" aria-hidden=\"true\">*<\/span><\/label><textarea id=\"wpforms-370-field_2\" class=\"wpforms-field-medium wpforms-field-required\" name=\"wpforms[fields][2]\" placeholder=\"Message\" aria-errormessage=\"wpforms-370-field_2-error\" required><\/textarea><\/div><\/div><!-- .wpforms-field-container --><div class=\"wpforms-field wpforms-field-hp\"><label for=\"wpforms-370-field-hp\" class=\"wpforms-field-label\">Comment<\/label><input type=\"text\" name=\"wpforms[hp]\" id=\"wpforms-370-field-hp\" class=\"wpforms-field-medium\"><\/div><div class=\"wpforms-submit-container\" ><input type=\"hidden\" name=\"wpforms[id]\" value=\"370\"><input type=\"hidden\" name=\"page_title\" value=\"\"><input type=\"hidden\" name=\"page_url\" value=\"https:\/\/ks27anim.fr\/index.php?rest_route=\/wp\/v2\/pages\/366\"><input type=\"hidden\" name=\"url_referer\" value=\"\"><button type=\"submit\" name=\"wpforms[submit]\" id=\"wpforms-submit-370\" class=\"wpforms-submit\" data-alt-text=\"Sending...\" data-submit-text=\"Send Message\" aria-live=\"assertive\" value=\"wpforms-submit\">Send Message<\/button><\/div><\/form><\/div>  <!-- .wpforms-container --><\/div>\n\t\t\t\t\t\t<\/div>\n\t\t\t\t<\/div>\n\t\t\t\t\t<\/div>\n\t\t<\/div>\n\t\t\t\t<div class=\"elementor-column elementor-col-25 elementor-top-column elementor-element elementor-element-02ed74d\" data-id=\"02ed74d\" data-element_type=\"column\">\n\t\t\t<div class=\"elementor-widget-wrap\">\n\t\t\t\t\t\t\t<\/div>\n\t\t<\/div>\n\t\t\t\t\t<\/div>\n\t\t<\/section>\n\t\t\t\t<\/div>\n\t\t","protected":false},"excerpt":{"rendered":"<p>Contactez-moi Contactez-moi d\u00e8s maintenant pour organiser un atelier ou r\u00e9server une fresque ! Contactez-moi ! T\u00e9l\u00e9phone +33 6 89 56 [&hellip;]<\/p>\n","protected":false},"author":1,"featured_media":0,"parent":0,"menu_order":0,"comment_status":"closed","ping_status":"closed","template":"elementor_canvas","meta":{"site-sidebar-layout":"no-sidebar","site-content-layout":"","ast-site-content-layout":"full-width-container","site-content-style":"default","site-sidebar-style":"default","ast-global-header-display":"","ast-banner-title-visibility":"","ast-main-header-display":"","ast-hfb-above-header-display":"","ast-hfb-below-header-display":"","ast-hfb-mobile-header-display":"","site-post-title":"disabled","ast-breadcrumbs-content":"","ast-featured-img":"disabled","footer-sml-layout":"","theme-transparent-header-meta":"","adv-header-id-meta":"","stick-header-meta":"","header-above-stick-meta":"","header-main-stick-meta":"","header-below-stick-meta":"","astra-migrate-meta-layouts":"default","ast-page-background-enabled":"default","ast-page-background-meta":{"desktop":{"background-color":"var(--ast-global-color-5)","background-image":"","background-repeat":"repeat","background-position":"center center","background-size":"auto","background-attachment":"scroll","background-type":"","background-media":"","overlay-type":"","overlay-color":"","overlay-opacity":"","overlay-gradient":""},"tablet":{"background-color":"","background-image":"","background-repeat":"repeat","background-position":"center center","background-size":"auto","background-attachment":"scroll","background-type":"","background-media":"","overlay-type":"","overlay-color":"","overlay-opacity":"","overlay-gradient":""},"mobile":{"background-color":"","background-image":"","background-repeat":"repeat","background-position":"center center","background-size":"auto","background-attachment":"scroll","background-type":"","background-media":"","overlay-type":"","overlay-color":"","overlay-opacity":"","overlay-gradient":""}},"ast-content-background-meta":{"desktop":{"background-color":"var(--ast-global-color-4)","background-image":"","background-repeat":"repeat","background-position":"center center","background-size":"auto","background-attachment":"scroll","background-type":"","background-media":"","overlay-type":"","overlay-color":"","overlay-opacity":"","overlay-gradient":""},"tablet":{"background-color":"var(--ast-global-color-4)","background-image":"","background-repeat":"repeat","background-position":"center center","background-size":"auto","background-attachment":"scroll","background-type":"","background-media":"","overlay-type":"","overlay-color":"","overlay-opacity":"","overlay-gradient":""},"mobile":{"background-color":"var(--ast-global-color-4)","background-image":"","background-repeat":"repeat","background-position":"center center","background-size":"auto","background-attachment":"scroll","background-type":"","background-media":"","overlay-type":"","overlay-color":"","overlay-opacity":"","overlay-gradient":""}},"footnotes":""},"class_list":["post-366","page","type-page","status-publish","hentry"],"yoast_head":"<!-- This site is optimized with the Yoast SEO plugin v27.3 - https:\/\/yoast.com\/product\/yoast-seo-wordpress\/ -->\n<title>contact test - ks27anim<\/title>\n<meta name=\"robots\" content=\"index, follow, max-snippet:-1, max-image-preview:large, max-video-preview:-1\" \/>\n<link rel=\"canonical\" href=\"https:\/\/ks27anim.fr\/?page_id=366\" \/>\n<meta property=\"og:locale\" content=\"en_US\" \/>\n<meta property=\"og:type\" content=\"article\" \/>\n<meta property=\"og:title\" content=\"contact test - ks27anim\" \/>\n<meta property=\"og:description\" content=\"Contactez-moi Contactez-moi d\u00e8s maintenant pour organiser un atelier ou r\u00e9server une fresque ! Contactez-moi ! T\u00e9l\u00e9phone +33 6 89 56 [&hellip;]\" \/>\n<meta property=\"og:url\" content=\"https:\/\/ks27anim.fr\/?page_id=366\" \/>\n<meta property=\"og:site_name\" content=\"ks27anim\" \/>\n<meta property=\"article:modified_time\" content=\"2025-06-03T20:21:32+00:00\" \/>\n<meta property=\"og:image\" content=\"https:\/\/ks27anim.fr\/wp-content\/uploads\/2025\/06\/f0ef5a49-1c18-4802-a0a7-0d5d0885ca7b.jpeg\" \/>\n\t<meta property=\"og:image:width\" content=\"1536\" \/>\n\t<meta property=\"og:image:height\" content=\"1024\" \/>\n\t<meta property=\"og:image:type\" content=\"image\/jpeg\" \/>\n<meta name=\"twitter:card\" content=\"summary_large_image\" \/>\n<meta name=\"twitter:label1\" content=\"Est. reading time\" \/>\n\t<meta name=\"twitter:data1\" content=\"1 minute\" \/>\n<script type=\"application\/ld+json\" class=\"yoast-schema-graph\">{\"@context\":\"https:\\\/\\\/schema.org\",\"@graph\":[{\"@type\":\"WebPage\",\"@id\":\"https:\\\/\\\/ks27anim.fr\\\/?page_id=366\",\"url\":\"https:\\\/\\\/ks27anim.fr\\\/?page_id=366\",\"name\":\"contact test - ks27anim\",\"isPartOf\":{\"@id\":\"https:\\\/\\\/ks27anim.fr\\\/#website\"},\"primaryImageOfPage\":{\"@id\":\"https:\\\/\\\/ks27anim.fr\\\/?page_id=366#primaryimage\"},\"image\":{\"@id\":\"https:\\\/\\\/ks27anim.fr\\\/?page_id=366#primaryimage\"},\"thumbnailUrl\":\"http:\\\/\\\/ks27anim.fr\\\/wp-content\\\/uploads\\\/2025\\\/06\\\/f0ef5a49-1c18-4802-a0a7-0d5d0885ca7b-1024x683.jpeg\",\"datePublished\":\"2025-06-03T19:34:43+00:00\",\"dateModified\":\"2025-06-03T20:21:32+00:00\",\"breadcrumb\":{\"@id\":\"https:\\\/\\\/ks27anim.fr\\\/?page_id=366#breadcrumb\"},\"inLanguage\":\"en-US\",\"potentialAction\":[{\"@type\":\"ReadAction\",\"target\":[\"https:\\\/\\\/ks27anim.fr\\\/?page_id=366\"]}]},{\"@type\":\"ImageObject\",\"inLanguage\":\"en-US\",\"@id\":\"https:\\\/\\\/ks27anim.fr\\\/?page_id=366#primaryimage\",\"url\":\"https:\\\/\\\/ks27anim.fr\\\/wp-content\\\/uploads\\\/2025\\\/06\\\/f0ef5a49-1c18-4802-a0a7-0d5d0885ca7b.jpeg\",\"contentUrl\":\"https:\\\/\\\/ks27anim.fr\\\/wp-content\\\/uploads\\\/2025\\\/06\\\/f0ef5a49-1c18-4802-a0a7-0d5d0885ca7b.jpeg\",\"width\":1536,\"height\":1024},{\"@type\":\"BreadcrumbList\",\"@id\":\"https:\\\/\\\/ks27anim.fr\\\/?page_id=366#breadcrumb\",\"itemListElement\":[{\"@type\":\"ListItem\",\"position\":1,\"name\":\"Accueil\",\"item\":\"https:\\\/\\\/ks27anim.fr\\\/\"},{\"@type\":\"ListItem\",\"position\":2,\"name\":\"contact test\"}]},{\"@type\":\"WebSite\",\"@id\":\"https:\\\/\\\/ks27anim.fr\\\/#website\",\"url\":\"https:\\\/\\\/ks27anim.fr\\\/\",\"name\":\"WordPress\",\"description\":\"Un site utilisant WordPress\",\"publisher\":{\"@id\":\"https:\\\/\\\/ks27anim.fr\\\/#\\\/schema\\\/person\\\/6955507363280dea0e26c1bbc75b12c1\"},\"potentialAction\":[{\"@type\":\"SearchAction\",\"target\":{\"@type\":\"EntryPoint\",\"urlTemplate\":\"https:\\\/\\\/ks27anim.fr\\\/?s={search_term_string}\"},\"query-input\":{\"@type\":\"PropertyValueSpecification\",\"valueRequired\":true,\"valueName\":\"search_term_string\"}}],\"inLanguage\":\"en-US\"},{\"@type\":[\"Person\",\"Organization\"],\"@id\":\"https:\\\/\\\/ks27anim.fr\\\/#\\\/schema\\\/person\\\/6955507363280dea0e26c1bbc75b12c1\",\"name\":\"admin3904\",\"image\":{\"@type\":\"ImageObject\",\"inLanguage\":\"en-US\",\"@id\":\"https:\\\/\\\/ks27anim.fr\\\/wp-content\\\/uploads\\\/2025\\\/04\\\/logo-ks27.anim_.png\",\"url\":\"https:\\\/\\\/ks27anim.fr\\\/wp-content\\\/uploads\\\/2025\\\/04\\\/logo-ks27.anim_.png\",\"contentUrl\":\"https:\\\/\\\/ks27anim.fr\\\/wp-content\\\/uploads\\\/2025\\\/04\\\/logo-ks27.anim_.png\",\"width\":1120,\"height\":1120,\"caption\":\"admin3904\"},\"logo\":{\"@id\":\"https:\\\/\\\/ks27anim.fr\\\/wp-content\\\/uploads\\\/2025\\\/04\\\/logo-ks27.anim_.png\"},\"sameAs\":[\"http:\\\/\\\/ks27anim.fr\"]}]}<\/script>\n<!-- \/ Yoast SEO plugin. -->","yoast_head_json":{"title":"contact test - ks27anim","robots":{"index":"index","follow":"follow","max-snippet":"max-snippet:-1","max-image-preview":"max-image-preview:large","max-video-preview":"max-video-preview:-1"},"canonical":"https:\/\/ks27anim.fr\/?page_id=366","og_locale":"en_US","og_type":"article","og_title":"contact test - ks27anim","og_description":"Contactez-moi Contactez-moi d\u00e8s maintenant pour organiser un atelier ou r\u00e9server une fresque ! Contactez-moi ! T\u00e9l\u00e9phone +33 6 89 56 [&hellip;]","og_url":"https:\/\/ks27anim.fr\/?page_id=366","og_site_name":"ks27anim","article_modified_time":"2025-06-03T20:21:32+00:00","og_image":[{"width":1536,"height":1024,"url":"https:\/\/ks27anim.fr\/wp-content\/uploads\/2025\/06\/f0ef5a49-1c18-4802-a0a7-0d5d0885ca7b.jpeg","type":"image\/jpeg"}],"twitter_card":"summary_large_image","twitter_misc":{"Est. reading time":"1 minute"},"schema":{"@context":"https:\/\/schema.org","@graph":[{"@type":"WebPage","@id":"https:\/\/ks27anim.fr\/?page_id=366","url":"https:\/\/ks27anim.fr\/?page_id=366","name":"contact test - ks27anim","isPartOf":{"@id":"https:\/\/ks27anim.fr\/#website"},"primaryImageOfPage":{"@id":"https:\/\/ks27anim.fr\/?page_id=366#primaryimage"},"image":{"@id":"https:\/\/ks27anim.fr\/?page_id=366#primaryimage"},"thumbnailUrl":"http:\/\/ks27anim.fr\/wp-content\/uploads\/2025\/06\/f0ef5a49-1c18-4802-a0a7-0d5d0885ca7b-1024x683.jpeg","datePublished":"2025-06-03T19:34:43+00:00","dateModified":"2025-06-03T20:21:32+00:00","breadcrumb":{"@id":"https:\/\/ks27anim.fr\/?page_id=366#breadcrumb"},"inLanguage":"en-US","potentialAction":[{"@type":"ReadAction","target":["https:\/\/ks27anim.fr\/?page_id=366"]}]},{"@type":"ImageObject","inLanguage":"en-US","@id":"https:\/\/ks27anim.fr\/?page_id=366#primaryimage","url":"https:\/\/ks27anim.fr\/wp-content\/uploads\/2025\/06\/f0ef5a49-1c18-4802-a0a7-0d5d0885ca7b.jpeg","contentUrl":"https:\/\/ks27anim.fr\/wp-content\/uploads\/2025\/06\/f0ef5a49-1c18-4802-a0a7-0d5d0885ca7b.jpeg","width":1536,"height":1024},{"@type":"BreadcrumbList","@id":"https:\/\/ks27anim.fr\/?page_id=366#breadcrumb","itemListElement":[{"@type":"ListItem","position":1,"name":"Accueil","item":"https:\/\/ks27anim.fr\/"},{"@type":"ListItem","position":2,"name":"contact test"}]},{"@type":"WebSite","@id":"https:\/\/ks27anim.fr\/#website","url":"https:\/\/ks27anim.fr\/","name":"WordPress","description":"Un site utilisant WordPress","publisher":{"@id":"https:\/\/ks27anim.fr\/#\/schema\/person\/6955507363280dea0e26c1bbc75b12c1"},"potentialAction":[{"@type":"SearchAction","target":{"@type":"EntryPoint","urlTemplate":"https:\/\/ks27anim.fr\/?s={search_term_string}"},"query-input":{"@type":"PropertyValueSpecification","valueRequired":true,"valueName":"search_term_string"}}],"inLanguage":"en-US"},{"@type":["Person","Organization"],"@id":"https:\/\/ks27anim.fr\/#\/schema\/person\/6955507363280dea0e26c1bbc75b12c1","name":"admin3904","image":{"@type":"ImageObject","inLanguage":"en-US","@id":"https:\/\/ks27anim.fr\/wp-content\/uploads\/2025\/04\/logo-ks27.anim_.png","url":"https:\/\/ks27anim.fr\/wp-content\/uploads\/2025\/04\/logo-ks27.anim_.png","contentUrl":"https:\/\/ks27anim.fr\/wp-content\/uploads\/2025\/04\/logo-ks27.anim_.png","width":1120,"height":1120,"caption":"admin3904"},"logo":{"@id":"https:\/\/ks27anim.fr\/wp-content\/uploads\/2025\/04\/logo-ks27.anim_.png"},"sameAs":["http:\/\/ks27anim.fr"]}]}},"_links":{"self":[{"href":"https:\/\/ks27anim.fr\/index.php?rest_route=\/wp\/v2\/pages\/366","targetHints":{"allow":["GET"]}}],"collection":[{"href":"https:\/\/ks27anim.fr\/index.php?rest_route=\/wp\/v2\/pages"}],"about":[{"href":"https:\/\/ks27anim.fr\/index.php?rest_route=\/wp\/v2\/types\/page"}],"author":[{"embeddable":true,"href":"https:\/\/ks27anim.fr\/index.php?rest_route=\/wp\/v2\/users\/1"}],"replies":[{"embeddable":true,"href":"https:\/\/ks27anim.fr\/index.php?rest_route=%2Fwp%2Fv2%2Fcomments&post=366"}],"version-history":[{"count":8,"href":"https:\/\/ks27anim.fr\/index.php?rest_route=\/wp\/v2\/pages\/366\/revisions"}],"predecessor-version":[{"id":383,"href":"https:\/\/ks27anim.fr\/index.php?rest_route=\/wp\/v2\/pages\/366\/revisions\/383"}],"wp:attachment":[{"href":"https:\/\/ks27anim.fr\/index.php?rest_route=%2Fwp%2Fv2%2Fmedia&parent=366"}],"curies":[{"name":"wp","href":"https:\/\/api.w.org\/{rel}","templated":true}]}}